{"id":10519,"date":"2025-07-04T14:18:53","date_gmt":"2025-07-04T11:18:53","guid":{"rendered":"https:\/\/stefmed.eu\/galbiati-prima-class-b-autoclaves-18l-23l\/"},"modified":"2025-07-28T10:38:49","modified_gmt":"2025-07-28T07:38:49","slug":"galbiati-prima-class-b-autoclaves-18l-23l","status":"publish","type":"page","link":"https:\/\/stefmed.eu\/en\/galbiati-prima-class-b-autoclaves-18l-23l\/","title":{"rendered":"Galbiati Prima Class B Autoclaves \u2013 18L\/23L"},"content":{"rendered":"\t\t<div data-elementor-type=\"wp-page\" data-elementor-id=\"10519\" class=\"elementor elementor-10519 elementor-10414\" data-elementor-post-type=\"page\">\n\t\t\t\t<div class=\"elementor-element elementor-element-055d598 e-con-full e-flex e-con e-parent\" data-id=\"055d598\" data-element_type=\"container\" data-e-type=\"container\">\n\t\t\t\t<div class=\"elementor-element elementor-element-4bd7bcd elementor-widget elementor-widget-template\" data-id=\"4bd7bcd\" data-element_type=\"widget\" data-e-type=\"widget\" data-widget_type=\"template.default\">\n\t\t\t\t<div class=\"elementor-widget-container\">\n\t\t\t\t\t\t\t<div class=\"elementor-template\">\n\t\t\t\t\t<div data-elementor-type=\"container\" data-elementor-id=\"9021\" class=\"elementor elementor-9021 elementor-8782 elementor-8782\" data-elementor-post-type=\"elementor_library\">\n\t\t\t\t<div class=\"elementor-element elementor-element-21bff50f e-flex e-con-boxed e-con e-parent\" data-id=\"21bff50f\" data-element_type=\"container\" data-e-type=\"container\" data-settings=\"{&quot;background_background&quot;:&quot;classic&quot;}\">\n\t\t\t\t\t<div class=\"e-con-inner\">\n\t\t\t\t<div class=\"elementor-element elementor-element-329d42bc elementor-widget-divider--view-line elementor-widget elementor-widget-divider\" data-id=\"329d42bc\" data-element_type=\"widget\" data-e-type=\"widget\" data-widget_type=\"divider.default\">\n\t\t\t\t\t\t\t<div class=\"elementor-divider\">\n\t\t\t<span class=\"elementor-divider-separator\">\n\t\t\t\t\t\t<\/span>\n\t\t<\/div>\n\t\t\t\t\t\t<\/div>\n\t\t\t\t\t<\/div>\n\t\t\t\t<\/div>\n\t\t\t\t<\/div>\n\t\t\t\t<\/div>\n\t\t\t\t\t\t<\/div>\n\t\t\t\t<\/div>\n\t\t\t\t<\/div>\n\t\t<div class=\"elementor-element elementor-element-527cda1 e-flex e-con-boxed e-con e-parent\" data-id=\"527cda1\" data-element_type=\"container\" data-e-type=\"container\" data-settings=\"{&quot;background_background&quot;:&quot;classic&quot;}\">\n\t\t\t\t\t<div class=\"e-con-inner\">\n\t\t<div class=\"elementor-element elementor-element-3a5b4a4 e-flex e-con-boxed e-con e-child\" data-id=\"3a5b4a4\" data-element_type=\"container\" data-e-type=\"container\">\n\t\t\t\t\t<div class=\"e-con-inner\">\n\t\t<div class=\"elementor-element elementor-element-14042c4 e-con-full e-flex e-con e-child\" data-id=\"14042c4\" data-element_type=\"container\" data-e-type=\"container\">\n\t\t\t\t<div class=\"elementor-element elementor-element-0ceaab5 elementor-widget elementor-widget-image\" data-id=\"0ceaab5\" data-element_type=\"widget\" data-e-type=\"widget\" data-widget_type=\"image.default\">\n\t\t\t\t\t\t\t\t\t\t\t\t\t\t\t<img fetchpriority=\"high\" decoding=\"async\" width=\"900\" height=\"967\" src=\"https:\/\/stefmed.eu\/wp-content\/uploads\/2025\/07\/04-copia-min.png\" class=\"attachment-large size-large wp-image-10418\" alt=\"\" srcset=\"https:\/\/stefmed.eu\/wp-content\/uploads\/2025\/07\/04-copia-min.png 900w, https:\/\/stefmed.eu\/wp-content\/uploads\/2025\/07\/04-copia-min-279x300.png 279w, https:\/\/stefmed.eu\/wp-content\/uploads\/2025\/07\/04-copia-min-768x825.png 768w, https:\/\/stefmed.eu\/wp-content\/uploads\/2025\/07\/04-copia-min-600x645.png 600w\" sizes=\"(max-width: 900px) 100vw, 900px\" \/>\t\t\t\t\t\t\t\t\t\t\t\t\t\t\t<\/div>\n\t\t\t\t<\/div>\n\t\t<div class=\"elementor-element elementor-element-d6cbe36 e-con-full e-flex e-con e-child\" data-id=\"d6cbe36\" data-element_type=\"container\" data-e-type=\"container\">\n\t\t\t\t<div class=\"elementor-element elementor-element-215ffcf elementor-widget elementor-widget-text-editor\" data-id=\"215ffcf\" data-element_type=\"widget\" data-e-type=\"widget\" data-widget_type=\"text-editor.default\">\n\t\t\t\t\t\t\t\t\t<p><strong>Speed: complete cycle in just 30&#8242;<\/strong><br>&#8211; Complete cycle in just 30\u2032 <br>&#8211; Our R&amp;D department has created a product capable of halving sterilization times, reducing them to just 30 minutes.<br>&#8211; Complete cycle hollow at 134\u00b0 in less than 30 minutes.<\/p><p><strong>Stainless steel<\/strong><br>We have designed a cutting-edge machine thanks to the search for excellent components and latest generation electronics. Stainless steel gives Prima an innovative and elitist design, and at the same time compliance with hospital standards.<\/p><p><strong>Internal circuit washing cycle<\/strong><br>The washing cycle of the internal circuits extends the life of the autoclave, reducing the need for technical interventions. No chemical additives, only distilled water from the stainless steel clean water tank, in just 4 minutes!<\/p>\t\t\t\t\t\t\t\t<\/div>\n\t\t\t\t<\/div>\n\t\t\t\t\t<\/div>\n\t\t\t\t<\/div>\n\t\t<div class=\"elementor-element elementor-element-3bc1236 e-flex e-con-boxed e-con e-child\" data-id=\"3bc1236\" data-element_type=\"container\" data-e-type=\"container\">\n\t\t\t\t\t<div class=\"e-con-inner\">\n\t\t\t\t<div class=\"elementor-element elementor-element-0a8456a elementor-widget elementor-widget-text-editor\" data-id=\"0a8456a\" data-element_type=\"widget\" data-e-type=\"widget\" data-widget_type=\"text-editor.default\">\n\t\t\t\t\t\t\t\t\t<p><strong>TECHNICAL SPECIFICATIONS<\/strong><\/p><p><br>\u2013 Tensione nominale: a.c. 220V-230V, 50Hz<br>\u2013 Rated power: 18L 1500VA, 23L 1700VA<br>\u2013 Material: stainless steel (medical grade)<br>\u2013 Maximum working pressure: 2.5 bar Minimum working pressure: -0.9 bar<br>\u2013 Maximum temperature: 145\u00b0C<br>\u2013 Chamber volume: 18L (\u03a6245\u00d7320mm) 23L (\u03a6245\u00d7450mm)<br>\u2013 Cargo size: 18L (198\u00d7204\u00d7285) 23L (198\u00d7204\u00d7385)<br>\u2013 Maximum load weight: 18L (3.07kg\/cm2) 23L (3.21kg\/cm2)<br>\u2013 Working pressure\/temperature: 1.10~1.30bar \/ 121\u00b0C~122\u00b0C; 2.10~2.30bar \/ 134\u00b0C~135\u00b0C<br>\u2013 Water volume for one cycle: 0.16L (min) 0.18L (max) 2.10~2.30bar \/ 134\u00b0C~135\u00b0C<br>\u2013 Water volume for one cycle: 0.16L (min) 0.18L (max) 2.10~2.30bar \/ 134\u00b0C~135\u00b0C : 0,16L (min) 0,18L (max)<\/p>\t\t\t\t\t\t\t\t<\/div>\n\t\t\t\t<div class=\"elementor-element elementor-element-dca0ccf elementor-widget elementor-widget-text-editor\" data-id=\"dca0ccf\" data-element_type=\"widget\" data-e-type=\"widget\" data-widget_type=\"text-editor.default\">\n\t\t\t\t\t\t\t\t\t<p><strong>PERFORMANCE<br><\/strong><br>&#8211; Rapid cycles (26 minutes for HOLLOW 134\u00b0C)<br>&#8211; Limited water consumption<br>&#8211; Automatic water drain<br>&#8211; 100% stainless steel<br>&#8211; Electronic control of water quality<br>&#8211; Easy to place system<br>&#8211; GKE propeller compliance test<br>&#8211; Integrated printer and data saving system via usb<br>&#8211; 24 months warranty<\/p>\t\t\t\t\t\t\t\t<\/div>\n\t\t\t\t<div class=\"elementor-element elementor-element-45d71f3 elementor-widget elementor-widget-text-editor\" data-id=\"45d71f3\" data-element_type=\"widget\" data-e-type=\"widget\" data-widget_type=\"text-editor.default\">\n\t\t\t\t\t\t\t\t\t<p><strong>ACCESSORIES<br><\/strong><br>&#8211; Simple and intuitive control panel<br>&#8211; Visualization of the cycle diagram for real-time work control<br>&#8211; Quick and easy connection to water supply and drainage<br>&#8211; 4 treys rack, which can also be used as 3 treys rack<br>&#8211; Personalized USB stick for cycles on P<br>&#8211; CD installer for saving cycles on PC<\/p>\t\t\t\t\t\t\t\t<\/div>\n\t\t\t\t<div class=\"elementor-element elementor-element-febb11d elementor-widget__width-initial elementor-widget elementor-widget-image\" data-id=\"febb11d\" data-element_type=\"widget\" data-e-type=\"widget\" data-widget_type=\"image.default\">\n\t\t\t\t\t\t\t\t\t\t\t\t\t\t\t<img decoding=\"async\" width=\"768\" height=\"430\" src=\"https:\/\/stefmed.eu\/wp-content\/uploads\/2025\/07\/Screenshot_2-768x430.png\" class=\"attachment-medium_large size-medium_large wp-image-10526\" alt=\"\" srcset=\"https:\/\/stefmed.eu\/wp-content\/uploads\/2025\/07\/Screenshot_2-768x430.png 768w, https:\/\/stefmed.eu\/wp-content\/uploads\/2025\/07\/Screenshot_2-300x168.png 300w, https:\/\/stefmed.eu\/wp-content\/uploads\/2025\/07\/Screenshot_2-1024x573.png 1024w, https:\/\/stefmed.eu\/wp-content\/uploads\/2025\/07\/Screenshot_2-600x336.png 600w, https:\/\/stefmed.eu\/wp-content\/uploads\/2025\/07\/Screenshot_2.png 1150w\" sizes=\"(max-width: 768px) 100vw, 768px\" \/>\t\t\t\t\t\t\t\t\t\t\t\t\t\t\t<\/div>\n\t\t<div class=\"elementor-element elementor-element-53fd8ec e-con-full e-flex e-con e-child\" data-id=\"53fd8ec\" data-element_type=\"container\" data-e-type=\"container\">\n\t\t\t\t<div class=\"elementor-element elementor-element-53d54e1 elementor-align-center elementor-widget elementor-widget-button\" data-id=\"53d54e1\" data-element_type=\"widget\" data-e-type=\"widget\" data-widget_type=\"button.default\">\n\t\t\t\t\t\t\t\t\t\t<a class=\"elementor-button elementor-button-link elementor-size-md\" href=\"https:\/\/stefmed.eu\/wp-content\/uploads\/2025\/07\/Roundcube-Webmail-__-GALBIATI-PRIMA-H20-TREATMENTS.pdf\" target=\"_blank\">\n\t\t\t\t\t\t<span class=\"elementor-button-content-wrapper\">\n\t\t\t\t\t\t<span class=\"elementor-button-icon\">\n\t\t\t\t<svg aria-hidden=\"true\" class=\"e-font-icon-svg e-far-file-pdf\" viewBox=\"0 0 384 512\" xmlns=\"http:\/\/www.w3.org\/2000\/svg\"><path d=\"M369.9 97.9L286 14C277 5 264.8-.1 252.1-.1H48C21.5 0 0 21.5 0 48v416c0 26.5 21.5 48 48 48h288c26.5 0 48-21.5 48-48V131.9c0-12.7-5.1-25-14.1-34zM332.1 128H256V51.9l76.1 76.1zM48 464V48h160v104c0 13.3 10.7 24 24 24h104v288H48zm250.2-143.7c-12.2-12-47-8.7-64.4-6.5-17.2-10.5-28.7-25-36.8-46.3 3.9-16.1 10.1-40.6 5.4-56-4.2-26.2-37.8-23.6-42.6-5.9-4.4 16.1-.4 38.5 7 67.1-10 23.9-24.9 56-35.4 74.4-20 10.3-47 26.2-51 46.2-3.3 15.8 26 55.2 76.1-31.2 22.4-7.4 46.8-16.5 68.4-20.1 18.9 10.2 41 17 55.8 17 25.5 0 28-28.2 17.5-38.7zm-198.1 77.8c5.1-13.7 24.5-29.5 30.4-35-19 30.3-30.4 35.7-30.4 35zm81.6-190.6c7.4 0 6.7 32.1 1.8 40.8-4.4-13.9-4.3-40.8-1.8-40.8zm-24.4 136.6c9.7-16.9 18-37 24.7-54.7 8.3 15.1 18.9 27.2 30.1 35.5-20.8 4.3-38.9 13.1-54.8 19.2zm131.6-5s-5 6-37.3-7.8c35.1-2.6 40.9 5.4 37.3 7.8z\"><\/path><\/svg>\t\t\t<\/span>\n\t\t\t\t\t\t\t\t\t<span class=\"elementor-button-text\">Brochure<\/span>\n\t\t\t\t\t<\/span>\n\t\t\t\t\t<\/a>\n\t\t\t\t\t\t\t\t<\/div>\n\t\t\t\t<\/div>\n\t\t\t\t\t<\/div>\n\t\t\t\t<\/div>\n\t\t<div class=\"elementor-element elementor-element-68e9827 e-flex e-con-boxed e-con e-child\" data-id=\"68e9827\" data-element_type=\"container\" data-e-type=\"container\">\n\t\t\t\t\t<div class=\"e-con-inner\">\n\t\t\t\t\t<\/div>\n\t\t\t\t<\/div>\n\t\t\t\t\t<\/div>\n\t\t\t\t<\/div>\n\t\t\t\t<\/div>\n\t\t","protected":false},"excerpt":{"rendered":"<p>Speed: complete cycle in just 30&#8242;&#8211; Complete cycle in just 30\u2032 &#8211; Our R&amp;D department has created a product capable of halving sterilization times, reducing them to just 30 minutes.&#8211; Complete cycle hollow at 134\u00b0 in less than 30 minutes. Stainless steelWe have designed a cutting-edge machine thanks to the search for excellent components and&#8230;<\/p>\n","protected":false},"author":1,"featured_media":0,"parent":0,"menu_order":0,"comment_status":"closed","ping_status":"closed","template":"","meta":{"_acf_changed":false,"_kad_post_transparent":"default","_kad_post_title":"hide","_kad_post_layout":"fullwidth","_kad_post_sidebar_id":"","_kad_post_content_style":"unboxed","_kad_post_vertical_padding":"hide","_kad_post_feature":"","_kad_post_feature_position":"","_kad_post_header":false,"_kad_post_footer":false,"_kad_post_classname":"","footnotes":""},"class_list":["post-10519","page","type-page","status-publish","hentry"],"acf":[],"_links":{"self":[{"href":"https:\/\/stefmed.eu\/en\/wp-json\/wp\/v2\/pages\/10519","targetHints":{"allow":["GET"]}}],"collection":[{"href":"https:\/\/stefmed.eu\/en\/wp-json\/wp\/v2\/pages"}],"about":[{"href":"https:\/\/stefmed.eu\/en\/wp-json\/wp\/v2\/types\/page"}],"author":[{"embeddable":true,"href":"https:\/\/stefmed.eu\/en\/wp-json\/wp\/v2\/users\/1"}],"replies":[{"embeddable":true,"href":"https:\/\/stefmed.eu\/en\/wp-json\/wp\/v2\/comments?post=10519"}],"version-history":[{"count":4,"href":"https:\/\/stefmed.eu\/en\/wp-json\/wp\/v2\/pages\/10519\/revisions"}],"predecessor-version":[{"id":10583,"href":"https:\/\/stefmed.eu\/en\/wp-json\/wp\/v2\/pages\/10519\/revisions\/10583"}],"wp:attachment":[{"href":"https:\/\/stefmed.eu\/en\/wp-json\/wp\/v2\/media?parent=10519"}],"curies":[{"name":"wp","href":"https:\/\/api.w.org\/{rel}","templated":true}]}}